{"id":125,"date":"2019-04-09T15:27:31","date_gmt":"2019-04-09T13:27:31","guid":{"rendered":"http:\/\/www.a-beckhaus.de\/?page_id=125"},"modified":"2019-04-09T15:27:31","modified_gmt":"2019-04-09T13:27:31","slug":"prospektverteilung","status":"publish","type":"page","link":"https:\/\/www.a-beckhaus.de\/?page_id=125","title":{"rendered":"Prospektverteilung"},"content":{"rendered":"\r\n<p>Software zur Verwaltung, Abrechnung und Organisation von Prospektverteilungen.<\/p>\r\n\r\n\r\n\r\n<h2 class=\"wp-block-heading\">Kunden-, Auftrags-, und Angebotsverwaltung<\/h2>\r\n\r\n\r\n\r\n<ul class=\"wp-block-list\">\r\n<li>Verwaltung des Kundenstamms, mit allen relevanten Daten<\/li>\r\n<li>Auftragserfassung mit Zuordnung zu Kunden<\/li>\r\n<li>Zuordnung der Auftr\u00e4ge zu Verteilgebieten<\/li>\r\n<li>Verteilregeln (w\u00f6chentlich, Turnusm\u00e4\u00dfig, Terminausschl\u00fcsse)<\/li>\r\n<li>Bepreisung der Auftr\u00e4ge nach St\u00fcckzahl oder Pauschal<\/li>\r\n<li>Bildung von Rechnungskreisen<\/li>\r\n<li>Angebotserstellung mit \u00dcbernahme in Auftragsverwaltung<\/li>\r\n<li>Angebotslisten aus Verteilgebieten und Orten erstellen<\/li>\r\n<li>Diverse Auswertungen \/ Listen<\/li>\r\n<\/ul>\r\n\r\n\r\n\r\n<h2>Gebietsverwaltung<\/h2>\r\n<ul>\r\n<li>Verwaltung der Verteilgebiete<\/li>\r\n<li>Zuordnung Stra\u00dfen zu Verteilgebieten<\/li>\r\n<li>Historie der Verteilungen<\/li>\r\n<\/ul>\r\n\r\n\r\n\r\n<h2 class=\"wp-block-heading\">Mitarbeiter\/innenverwaltung<\/h2>\r\n\r\n\r\n\r\n<ul class=\"wp-block-list\">\r\n<li>Verwaltung der Mitarbeiter mit allen relevanten Daten<\/li>\r\n<li>Zuordnung der Mitarbeiter zu Verteilgebieten<\/li>\r\n<li>Zuordnung der Mitarbeiter zu Fahrlisten<\/li>\r\n<li>Erstellen von Arbeitsvertr\u00e4gen<\/li>\r\n<li>Verleih von Verteilwagen<\/li>\r\n<li>Schriftverkehr<\/li>\r\n<li>Diverse Auswertungen \/ Listen \/ Bescheinigungen<\/li>\r\n<\/ul>\r\n\r\n\r\n\r\n<h2 class=\"wp-block-heading\">Fahrlistenverwaltung<\/h2>\r\n\r\n\r\n\r\n<ul class=\"wp-block-list\">\r\n<li>Verwalten der Fahrlisten, Routenplanung<\/li>\r\n<li>Zusammenstellen und bearbeiten der Fahrlisten zu den einzelnen Verteilterminen<\/li>\r\n<li>Verwaltung Subunternehmer<\/li>\r\n<li>Drucken von Fahrlisten und Lieferscheinen<\/li>\r\n<\/ul>\r\n\r\n\r\n\r\n<h2 class=\"wp-block-heading\">Rechnungsstellung<\/h2>\r\n\r\n\r\n\r\n<ul class=\"wp-block-list\">\r\n<li>Automatisierte Erstellung von Rechnungen aus den Verteilterminen<\/li>\r\n<li>Manuelle Erstellung von Rechnungen und Gutschriften<\/li>\r\n<li>SEPA-Lastschriften von Kunden-Rechnungen<\/li>\r\n<li>Zahlungseingang<\/li>\r\n<li>Mahnwesen<\/li>\r\n<li>Diverse Auswertungen \/ Listen<\/li>\r\n<\/ul>\r\n\r\n\r\n\r\n<h2 class=\"wp-block-heading\">Lohnabrechnung<\/h2>\r\n\r\n\r\n\r\n<ul class=\"wp-block-list\">\r\n<li>Berechnung der Lohndaten aus den Verteilterminen<\/li>\r\n<li>Monatliche Lohnberechnung mit Steuern und Sozialabgaben<\/li>\r\n<li>Auszahlung der L\u00f6hne per SEPA-\u00dcberweisungen<\/li>\r\n<li>Export der Lohndaten an das Lohnprogramm GDI als Grundlage f\u00fcr die entsprechenden Meldungen an Sozialversicherung etc. (Die Meldungen k\u00f6nnen nicht im Programm durchgef\u00fchrt werden)<\/li>\r\n<li>Mindestlohndokumentation<\/li>\r\n<li>Diverse Auswertungen \/ Listen<\/li>\r\n<\/ul>\r\n<h2>Fahrerverwaltung<\/h2>\r\n<ul>\r\n<li>Verwaltung der Fahrer f\u00fcr die Auslieferungs-Touren<\/li>\r\n<li>Drucken von Bescheinigungen und Listen<\/li>\r\n<\/ul>\r\n","protected":false},"excerpt":{"rendered":"<p>Software zur Verwaltung, Abrechnung und Organisation von Prospektverteilungen. Kunden-, Auftrags-, und Angebotsverwaltung Verwaltung des Kundenstamms, mit allen relevanten Daten Auftragserfassung mit Zuordnung zu Kunden Zuordnung der Auftr\u00e4ge zu Verteilgebieten Verteilregeln (w\u00f6chentlich, Turnusm\u00e4\u00dfig, Terminausschl\u00fcsse) Bepreisung der Auftr\u00e4ge nach St\u00fcckzahl oder Pauschal Bildung von Rechnungskreisen Angebotserstellung mit \u00dcbernahme in Auftragsverwaltung Angebotslisten aus Verteilgebieten und Orten erstellen Diverse&hellip;&nbsp;<a href=\"https:\/\/www.a-beckhaus.de\/?page_id=125\" rel=\"bookmark\"><span class=\"screen-reader-text\">Prospektverteilung<\/span><\/a><\/p>\n","protected":false},"author":1,"featured_media":0,"parent":74,"menu_order":0,"comment_status":"closed","ping_status":"closed","template":"","meta":{"neve_meta_sidebar":"","neve_meta_container":"","neve_meta_enable_content_width":"","neve_meta_content_width":0,"neve_meta_title_alignment":"","neve_meta_author_avatar":"","neve_post_elements_order":"","neve_meta_disable_header":"","neve_meta_disable_footer":"","neve_meta_disable_title":"","footnotes":""},"class_list":["post-125","page","type-page","status-publish","hentry"],"_links":{"self":[{"href":"https:\/\/www.a-beckhaus.de\/index.php?rest_route=\/wp\/v2\/pages\/125","targetHints":{"allow":["GET"]}}],"collection":[{"href":"https:\/\/www.a-beckhaus.de\/index.php?rest_route=\/wp\/v2\/pages"}],"about":[{"href":"https:\/\/www.a-beckhaus.de\/index.php?rest_route=\/wp\/v2\/types\/page"}],"author":[{"embeddable":true,"href":"https:\/\/www.a-beckhaus.de\/index.php?rest_route=\/wp\/v2\/users\/1"}],"replies":[{"embeddable":true,"href":"https:\/\/www.a-beckhaus.de\/index.php?rest_route=%2Fwp%2Fv2%2Fcomments&post=125"}],"version-history":[{"count":2,"href":"https:\/\/www.a-beckhaus.de\/index.php?rest_route=\/wp\/v2\/pages\/125\/revisions"}],"predecessor-version":[{"id":127,"href":"https:\/\/www.a-beckhaus.de\/index.php?rest_route=\/wp\/v2\/pages\/125\/revisions\/127"}],"up":[{"embeddable":true,"href":"https:\/\/www.a-beckhaus.de\/index.php?rest_route=\/wp\/v2\/pages\/74"}],"wp:attachment":[{"href":"https:\/\/www.a-beckhaus.de\/index.php?rest_route=%2Fwp%2Fv2%2Fmedia&parent=125"}],"curies":[{"name":"wp","href":"https:\/\/api.w.org\/{rel}","templated":true}]}}