{"id":15,"date":"2015-04-17T08:48:32","date_gmt":"2015-04-17T06:48:32","guid":{"rendered":"http:\/\/www.a-beckhaus.de\/?page_id=15"},"modified":"2018-04-12T16:53:34","modified_gmt":"2018-04-12T14:53:34","slug":"impessum","status":"publish","type":"page","link":"https:\/\/www.a-beckhaus.de\/?page_id=15","title":{"rendered":"Impressum und Datenschutzerkl\u00e4rung"},"content":{"rendered":"<p><a href=\"https:\/\/www.a-beckhaus.de\/wp-content\/uploads\/2015\/04\/imprint-695764_1280.jpg\"><img loading=\"lazy\" decoding=\"async\" class=\" size-medium wp-image-78 alignright\" src=\"https:\/\/www.a-beckhaus.de\/wp-content\/uploads\/2015\/04\/imprint-695764_1280-300x225.jpg\" alt=\"imprint-695764_1280\" width=\"300\" height=\"225\" srcset=\"https:\/\/www.a-beckhaus.de\/wp-content\/uploads\/2015\/04\/imprint-695764_1280-300x225.jpg 300w, https:\/\/www.a-beckhaus.de\/wp-content\/uploads\/2015\/04\/imprint-695764_1280-1024x768.jpg 1024w, https:\/\/www.a-beckhaus.de\/wp-content\/uploads\/2015\/04\/imprint-695764_1280-100x75.jpg 100w, https:\/\/www.a-beckhaus.de\/wp-content\/uploads\/2015\/04\/imprint-695764_1280-150x113.jpg 150w, https:\/\/www.a-beckhaus.de\/wp-content\/uploads\/2015\/04\/imprint-695764_1280-200x150.jpg 200w, https:\/\/www.a-beckhaus.de\/wp-content\/uploads\/2015\/04\/imprint-695764_1280-450x338.jpg 450w, https:\/\/www.a-beckhaus.de\/wp-content\/uploads\/2015\/04\/imprint-695764_1280-600x450.jpg 600w, https:\/\/www.a-beckhaus.de\/wp-content\/uploads\/2015\/04\/imprint-695764_1280-900x675.jpg 900w, https:\/\/www.a-beckhaus.de\/wp-content\/uploads\/2015\/04\/imprint-695764_1280.jpg 1280w\" sizes=\"auto, (max-width: 300px) 100vw, 300px\" \/><\/a><\/p>\n<h4>Andreas Beckhaus Softwareentwicklung und -beratung<\/h4>\n<p>Andreas Beckhaus<br \/>\nGundbachstr. 38<br \/>\n65428 R\u00fcsselsheim<br \/>\nTelefon: 06142-938170<br \/>\nFax: 06142-938171<br \/>\nMail: <a href=\"mailto:info@a-beckhaus.de\">info@a-beckhaus.de<\/a><\/p>\n<p>UST-ID: DE154972132<\/p>\n<h2>Datenschutzerkl\u00e4rung gem\u00e4\u00df EU-DSGVO<\/h2>\n<h2>Datenschutz<\/h2>\n<p>Die Betreiber dieser Seiten nehmen<br \/>\nden Schutz Ihrer pers\u00f6nlichen Daten sehr ernst. Wir behandeln Ihre personenbezogenen Daten<br \/>\nvertraulich und entsprechend der gesetzlichen Datenschutzvorschriften sowie dieser<br \/>\nDatenschutzerkl\u00e4rung.<\/p>\n<p>Die Nutzung unserer Website ist in der Regel ohne Angabe<br \/>\npersonenbezogener Daten m\u00f6glich. Soweit auf unseren Seiten personenbezogene Daten<br \/>\n(beispielsweise Name, Anschrift oder E-Mail-Adressen) erhoben werden, erfolgt dies, soweit<br \/>\nm\u00f6glich, stets auf freiwilliger Basis. Diese Daten werden ohne Ihre ausdr\u00fcckliche Zustimmung<br \/>\nnicht an Dritte weitergegeben.<\/p>\n<p>Wir weisen darauf hin, dass die Daten\u00fcbertragung im Internet<br \/>\n(z.B. bei der Kommunikation per E-Mail) Sicherheitsl\u00fccken aufweisen kann. Ein l\u00fcckenloser Schutz der Daten vor dem Zugriff durch Dritte ist nicht m\u00f6glich.<\/p>\n<p>&nbsp;<\/p>\n<h2>Cookies<\/h2>\n<p>Die Internetseiten verwenden teilweise so genannte Cookies. Cookies richten auf<br \/>\nIhrem Rechner keinen Schaden an und enthalten keine Viren. Cookies dienen dazu, unser Angebot<br \/>\nnutzerfreundlicher, effektiver und sicherer zu machen. Cookies sind kleine Textdateien, die auf Ihrem<br \/>\nRechner abgelegt werden und die Ihr Browser speichert.<\/p>\n<p>Die meisten der von uns verwendeten<br \/>\nCookies sind so genannte \u201eSession-Cookies\u201c. Sie werden nach Ende Ihres Besuchs automatisch<br \/>\ngel\u00f6scht. Andere Cookies bleiben auf Ihrem Endger\u00e4t gespeichert, bis Sie diese l\u00f6schen.<br \/>\nDiese Cookies erm\u00f6glichen es uns, Ihren Browser beim n\u00e4chsten Besuch<br \/>\nwiederzuerkennen.<\/p>\n<p>Sie k\u00f6nnen Ihren Browser so einstellen, dass Sie \u00fcber das Setzen<br \/>\nvon Cookies informiert werden und Cookies nur im Einzelfall erlauben, die Annahme von Cookies f\u00fcr<br \/>\nbestimmte F\u00e4lle oder generell ausschlie\u00dfen sowie das automatische L\u00f6schen der<br \/>\nCookies beim Schlie\u00dfen des Browser aktivieren. Bei der Deaktivierung von Cookies kann die<br \/>\nFunktionalit\u00e4t dieser Website eingeschr\u00e4nkt sein.<\/p>\n<p>&nbsp;<\/p>\n<h2>Server-Log-Files<\/h2>\n<p>Der Provider der Seiten erhebt und speichert automatisch Informationen in so genannten<br \/>\nServer-Log Files, die Ihr Browser automatisch an uns \u00fcbermittelt. Dies sind:<\/p>\n<ul>\n<li>Browsertyp und Browserversion<\/li>\n<li>verwendetes Betriebssystem<\/li>\n<li>Referrer URL<\/li>\n<li>Hostname des zugreifenden Rechners<\/li>\n<li>Uhrzeit der Serveranfrage<\/li>\n<\/ul>\n<p>Diese Daten<br \/>\nsind nicht bestimmten Personen zuordenbar. Eine Zusammenf\u00fchrung dieser Daten mit anderen<br \/>\nDatenquellen wird nicht vorgenommen. Wir behalten uns vor, diese Daten nachtr\u00e4glich zu<br \/>\npr\u00fcfen, wenn uns konkrete Anhaltspunkte f\u00fcr eine rechtswidrige Nutzung bekannt<br \/>\nwerden.<\/p>\n<p>&nbsp;<\/p>\n<h2>Recht auf Auskunft, L\u00f6schung, Sperrung<\/h2>\n<p>Sie haben<br \/>\njederzeit das Recht auf unentgeltliche Auskunft \u00fcber Ihre gespeicherten personenbezogenen Daten,<br \/>\nderen Herkunft und Empf\u00e4nger und den Zweck der Datenverarbeitung sowie ein Recht auf<br \/>\nBerichtigung, Sperrung oder L\u00f6schung dieser Daten. Hierzu sowie zu weiteren Fragen zum Thema<br \/>\npersonenbezogene Daten k\u00f6nnen Sie sich jederzeit unter der im Impressum angegebenen Adresse<br \/>\nan uns wenden.<\/p>\n<p>&nbsp;<\/p>\n<p>Quelle: <a href=\"https:\/\/www.e-recht24.de\">e-recht24.de<\/a><\/p>\n","protected":false},"excerpt":{"rendered":"<p>Andreas Beckhaus Softwareentwicklung und -beratung Andreas Beckhaus Gundbachstr. 38 65428 R\u00fcsselsheim Telefon: 06142-938170 Fax: 06142-938171 Mail: info@a-beckhaus.de UST-ID: DE154972132 Datenschutzerkl\u00e4rung gem\u00e4\u00df EU-DSGVO Datenschutz Die Betreiber dieser Seiten nehmen den Schutz Ihrer pers\u00f6nlichen Daten sehr ernst. Wir behandeln Ihre personenbezogenen Daten vertraulich und entsprechend der gesetzlichen Datenschutzvorschriften sowie dieser Datenschutzerkl\u00e4rung. Die Nutzung unserer Website ist in&hellip;&nbsp;<a href=\"https:\/\/www.a-beckhaus.de\/?page_id=15\" rel=\"bookmark\"><span class=\"screen-reader-text\">Impressum und Datenschutzerkl\u00e4rung<\/span><\/a><\/p>\n","protected":false},"author":1,"featured_media":0,"parent":0,"menu_order":999,"comment_status":"closed","ping_status":"closed","template":"","meta":{"neve_meta_sidebar":"","neve_meta_container":"","neve_meta_enable_content_width":"","neve_meta_content_width":0,"neve_meta_title_alignment":"","neve_meta_author_avatar":"","neve_post_elements_order":"","neve_meta_disable_header":"","neve_meta_disable_footer":"","neve_meta_disable_title":"","footnotes":""},"class_list":["post-15","page","type-page","status-publish","hentry"],"_links":{"self":[{"href":"https:\/\/www.a-beckhaus.de\/index.php?rest_route=\/wp\/v2\/pages\/15","targetHints":{"allow":["GET"]}}],"collection":[{"href":"https:\/\/www.a-beckhaus.de\/index.php?rest_route=\/wp\/v2\/pages"}],"about":[{"href":"https:\/\/www.a-beckhaus.de\/index.php?rest_route=\/wp\/v2\/types\/page"}],"author":[{"embeddable":true,"href":"https:\/\/www.a-beckhaus.de\/index.php?rest_route=\/wp\/v2\/users\/1"}],"replies":[{"embeddable":true,"href":"https:\/\/www.a-beckhaus.de\/index.php?rest_route=%2Fwp%2Fv2%2Fcomments&post=15"}],"version-history":[{"count":8,"href":"https:\/\/www.a-beckhaus.de\/index.php?rest_route=\/wp\/v2\/pages\/15\/revisions"}],"predecessor-version":[{"id":122,"href":"https:\/\/www.a-beckhaus.de\/index.php?rest_route=\/wp\/v2\/pages\/15\/revisions\/122"}],"wp:attachment":[{"href":"https:\/\/www.a-beckhaus.de\/index.php?rest_route=%2Fwp%2Fv2%2Fmedia&parent=15"}],"curies":[{"name":"wp","href":"https:\/\/api.w.org\/{rel}","templated":true}]}}