{"id":31,"date":"2015-04-17T09:48:41","date_gmt":"2015-04-17T07:48:41","guid":{"rendered":"http:\/\/www.a-beckhaus.de\/?page_id=31"},"modified":"2015-04-17T11:13:46","modified_gmt":"2015-04-17T09:13:46","slug":"bauhofverwaltung","status":"publish","type":"page","link":"https:\/\/www.a-beckhaus.de\/?page_id=31","title":{"rendered":"Bauhofverwaltung"},"content":{"rendered":"<p>Das Bauhof-Programm ist nach dem Auftraggeber\/Auftragnehmerprinzip aufgebaut. Jede T\u00e4tigkeit, die von den Bauhofmitarbeiter\/innen ausgef\u00fchrt wird erfordert einen Auftrag.<br \/>\nAuftr\u00e4ge werden mit Anlagen\/Objekten oder Fahrzeugen (Kostenstellen) verkn\u00fcpft, wodurch eine Berechnung aller angefallenen Kosten zu dieser Kostenstelle m\u00f6glich wird.<br \/>\nAuftr\u00e4ge k\u00f6nnen mit dem Auftraggeber abgerechnet werden. Dabei dienen die Stundenzettel der Mitarbeiter\/innen als Abrechnungsgrundlage.<br \/>\nNeben der Zuordnung zu den Anlagen\/Objekten oder Fahrzeugen werden Stundenzettel auch bestimmten Produkten (Kostentr\u00e4gern) zugeordnet.<\/p>\n<p>Im folgenden ist eine kurze \u00dcbersicht der verschiedenen Programmfeatures aufgelistet.<br \/>\n<a name=\"adressen\"><\/a><\/p>\n<h3 class=\"feat\">Adressverwaltung<\/h3>\n<p class=\"feattext\">In der Adressverwaltung werden alle Adressen zu \u00c4mtern, externen Kunden, Lieferanten, Mitarbeitern etc. Zentral gef\u00fchrt. Alle Programmmodule greifen auf diesen zentralen Adressenbestand zu. Adressen k\u00f6nnen zu mehreren Zuordnungen zugeordnet werden. Dadurch k\u00f6nnen Adresslisten nach bestimmten Kriterien erzeugt werden. Aus selektierten Adressen k\u00f6nnen Serienbriefe erstellt werden, oder die Daten k\u00f6nnen nach Ecxel exportiert werden. Aus der Adressverwaltung kann direkt in Word ein Brief an die Adresse erstellt werden.<\/p>\n<p><a name=\"mitarbeiter\"><\/a><\/p>\n<h3 class=\"feat\">Mitarbeiter\/innenverwaltung<\/h3>\n<figure id=\"attachment_37\" aria-describedby=\"caption-attachment-37\" style=\"width: 175px\" class=\"wp-caption alignnone\"><a href=\"https:\/\/www.a-beckhaus.de\/wp-content\/uploads\/2015\/04\/mitarb.gif\"><img loading=\"lazy\" decoding=\"async\" class=\"wp-image-37\" src=\"https:\/\/www.a-beckhaus.de\/wp-content\/uploads\/2015\/04\/mitarb-150x150.gif\" alt=\"Mitarbeiter\" width=\"175\" height=\"120\" srcset=\"https:\/\/www.a-beckhaus.de\/wp-content\/uploads\/2015\/04\/mitarb-300x204.gif 300w, https:\/\/www.a-beckhaus.de\/wp-content\/uploads\/2015\/04\/mitarb-100x68.gif 100w, https:\/\/www.a-beckhaus.de\/wp-content\/uploads\/2015\/04\/mitarb-150x102.gif 150w, https:\/\/www.a-beckhaus.de\/wp-content\/uploads\/2015\/04\/mitarb-200x136.gif 200w, https:\/\/www.a-beckhaus.de\/wp-content\/uploads\/2015\/04\/mitarb-450x306.gif 450w, https:\/\/www.a-beckhaus.de\/wp-content\/uploads\/2015\/04\/mitarb-600x408.gif 600w\" sizes=\"auto, (max-width: 175px) 100vw, 175px\" \/><\/a><figcaption id=\"caption-attachment-37\" class=\"wp-caption-text\">Mitarbeiterverwaltung<\/figcaption><\/figure>\n<p class=\"feattext\">Die Mitarbeiter\/innen des Bauhofs werden mit spezifischen Daten im Programm gef\u00fchrt. Neben allgemeinen Daten (Name, Adresse, Geburtstag etc.) k\u00f6nnen f\u00fcr jede\/n Mitarbeiter\/in vom Standardlohnsatz abweichende S\u00e4tze erfasst werden. F\u00fcr jede\/n Mitarbeiter\/in k\u00f6nnen abweichende Arbeitszeiten mit G\u00fcltigkeitsdauer eingerichtet werden. Folgende Listen\/Daten werden f\u00fcr die Mitarbeiter\/innen gef\u00fchrt: Urlaubsliste, \u00dcberstunden, Freizeitausgleich, Krankheit, Abwesenheit, Bereitschaft, Zulagen, tarifliche Zuschl\u00e4ge. <a class=\"foto\" href=\"http:\/\/a-beckhaus.de\/images\/urlaub.gif\">Ein Beispiel f\u00fcr die Urlaubserfassung<\/a> Die Eintr\u00e4ge f\u00fcr \u00dcberstunden, Zuschl\u00e4ge und Zulagen errechnen sich automatisch aus den bei der Stundenzetteleingabe erfassten Werten. Aus den Mitarbeiterdaten sind verschiedene Auswertungen m\u00f6glich. <a class=\"foto\" href=\"http:\/\/a-beckhaus.de\/images\/urlaubsliste.gif\">Ein Beispiel f\u00fcr die An\/Abwesenheits\u00fcbersicht<\/a> <a name=\"anlagen\"><\/a><\/p>\n<h3 class=\"feat\">Anlagen\/Objekte (Kostenstellen)<\/h3>\n<figure id=\"attachment_32\" aria-describedby=\"caption-attachment-32\" style=\"width: 172px\" class=\"wp-caption alignnone\"><a href=\"https:\/\/www.a-beckhaus.de\/wp-content\/uploads\/2015\/04\/anlagen.gif\"><img loading=\"lazy\" decoding=\"async\" class=\" wp-image-32\" src=\"https:\/\/www.a-beckhaus.de\/wp-content\/uploads\/2015\/04\/anlagen-300x163.gif\" alt=\"Anlagen und Objekte\" width=\"172\" height=\"93\" srcset=\"https:\/\/www.a-beckhaus.de\/wp-content\/uploads\/2015\/04\/anlagen-300x163.gif 300w, https:\/\/www.a-beckhaus.de\/wp-content\/uploads\/2015\/04\/anlagen-100x54.gif 100w, https:\/\/www.a-beckhaus.de\/wp-content\/uploads\/2015\/04\/anlagen-150x81.gif 150w, https:\/\/www.a-beckhaus.de\/wp-content\/uploads\/2015\/04\/anlagen-200x109.gif 200w, https:\/\/www.a-beckhaus.de\/wp-content\/uploads\/2015\/04\/anlagen-450x244.gif 450w, https:\/\/www.a-beckhaus.de\/wp-content\/uploads\/2015\/04\/anlagen-600x326.gif 600w\" sizes=\"auto, (max-width: 172px) 100vw, 172px\" \/><\/a><figcaption id=\"caption-attachment-32\" class=\"wp-caption-text\">Anlagen und Objekte zu Auftr\u00e4gen<\/figcaption><\/figure>\n<p class=\"feattext\">Als Grundlage f\u00fcr die Auftragsverwaltung werden Anlagen und Objekte gef\u00fchrt. Anlagen bedeuten im Bauhofprogramm beispielsweise Geb\u00e4ude, Gr\u00fcnanlagen oder beliebige andere Dinge. Jeder Anlage sind Objekte zugeordnet (Fl\u00e4chen, R\u00e4ume, B\u00fcrgersteige etc.) Somit kann eine Anlage in Ihre einzelnen Abrechnungsposten aufgeteilt werden, aber trotzdem komplett ausgewertet werden. Bei den Objekten werden die Abrechnungsparameter f\u00fcr die Auftragsabrechnung gespeichert:<\/p>\n<ul>\n<li>Gr\u00f6\u00dfe in qm<\/li>\n<li>St\u00fcckzahl<\/li>\n<li>lfd. Meter.<\/li>\n<\/ul>\n<p>Die Anlagen k\u00f6nnen einer bestimmten Haushaltsstelle zugeordnet werden. <a name=\"produkt\"><\/a><\/p>\n<h3 class=\"feat\">Produktplan (Kostentr\u00e4ger)<\/h3>\n<figure id=\"attachment_38\" aria-describedby=\"caption-attachment-38\" style=\"width: 180px\" class=\"wp-caption alignnone\"><a href=\"https:\/\/www.a-beckhaus.de\/wp-content\/uploads\/2015\/04\/produkt.gif\"><img loading=\"lazy\" decoding=\"async\" class=\" wp-image-38\" src=\"https:\/\/www.a-beckhaus.de\/wp-content\/uploads\/2015\/04\/produkt-300x153.gif\" alt=\"Produktliste\" width=\"180\" height=\"92\" srcset=\"https:\/\/www.a-beckhaus.de\/wp-content\/uploads\/2015\/04\/produkt-300x153.gif 300w, https:\/\/www.a-beckhaus.de\/wp-content\/uploads\/2015\/04\/produkt-100x51.gif 100w, https:\/\/www.a-beckhaus.de\/wp-content\/uploads\/2015\/04\/produkt-150x77.gif 150w, https:\/\/www.a-beckhaus.de\/wp-content\/uploads\/2015\/04\/produkt-200x102.gif 200w, https:\/\/www.a-beckhaus.de\/wp-content\/uploads\/2015\/04\/produkt-450x230.gif 450w, https:\/\/www.a-beckhaus.de\/wp-content\/uploads\/2015\/04\/produkt-600x306.gif 600w\" sizes=\"auto, (max-width: 180px) 100vw, 180px\" \/><\/a><figcaption id=\"caption-attachment-38\" class=\"wp-caption-text\">Produktliste<\/figcaption><\/figure>\n<p class=\"feattext\">Als Grundlage f\u00fcr die Auftragsverwaltung dient der Produktplan. Im Produktplan werden die unterschiedlichen T\u00e4tigkeiten erfasst, die vom Bauhof ausgef\u00fchrt werden. Gleichzeitig werden hier die Verrechnungss\u00e4tze f\u00fcr die Auftragsabrechnung erfasst. Produkte k\u00f6nnen nach dem Standardstundensatz, zu<\/p>\n<ul>\n<li>Stundens\u00e4tzen<\/li>\n<li>nach qm<\/li>\n<li>nach lfd. Metern<\/li>\n<li>nach St\u00fcckzahl<\/li>\n<li>nach Pauschalpreisen<\/li>\n<\/ul>\n<p class=\"feattext\">abgerechnet werden. Jedes Produkt kann nur einen Abrechnungsmodus haben. Geleistete Stunden und Produktkosten k\u00f6nnen global ausgewertet werden. Dadurch k\u00f6nnen die kalkulierten Preise \u00fcberpr\u00fcft werden. <a name=\"fahrzeug\"><\/a><\/p>\n<h3 class=\"feat\">Fahrzeug\/Ger\u00e4teverwaltung<\/h3>\n<p class=\"feattext\">Im Bauhofprogramm k\u00f6nnen Fahrzeuge und Ger\u00e4te verwaltet werden. Folgende Daten lassen sich zuordnen:<\/p>\n<ul>\n<li>Inventarnummer<\/li>\n<li>Bezeichnung<\/li>\n<li>Kennzeichen<\/li>\n<li>Seriennummer<\/li>\n<li>Anschaffungsdatum<\/li>\n<li>Anschaffungspreis<\/li>\n<li>km-Stand<\/li>\n<li>Betriebsstundenstand<\/li>\n<li>Verrechnungshaushaltsstelle<\/li>\n<li>Verrechnungssatz (km\/Betriebsstunde)<\/li>\n<li>Zuordnung zu einer Kategorie.<\/li>\n<\/ul>\n<p class=\"feattext\">F\u00fcr jedes Fahrzeug\/Ger\u00e4t kann eine lineare Abschreibung \u00fcber einen beliebigen Zeitraum eingerichtet werden. Tankdaten und Wartungsdaten k\u00f6nnen f\u00fcr jedes Fahrzeug\/Ger\u00e4t erfasst werden. Bereits bekannter zuk\u00fcnftiger Wartungsbedarf (T\u00dcV \/ AU \/ Inspektionen) lassen sich nach verschiedenen Kriterien erfassen. Aus diesen Daten k\u00f6nnen Wartungslisten f\u00fcr alle Fahrzeuge\/Ger\u00e4te erzeugt werden. Aus den Fahrzeug\/Ger\u00e4tedaten sind verschiedene Auswertungen m\u00f6glich. <a name=\"verbrauch\"><\/a><\/p>\n<h3 class=\"feat\">Verbrauchsmittel<\/h3>\n<p class=\"feattext\">Falls eine eigene Tankstelle existiert oder andere Verbrauchsstoffe (Motor\u00f6l, Ketten\u00f6l etc.) verwaltet werden, k\u00f6nnen die Bestandsdaten mit dem Bauhofprogramm gef\u00fchrt werden. Durch die Eingabe von Tankscheinen kann die Entnahme \u00fcberwacht werden. Gleichzeitig ergeben sich aus den Eingaben die Verbrauchswerte f\u00fcr die Fahrzeuge und Ger\u00e4te. Diese k\u00f6nnen auch als Grundlage f\u00fcr eine Abrechnung verwendet werden. <a name=\"tabellen\"><\/a><\/p>\n<h3 class=\"feat\">Sonstige Grunddaten<\/h3>\n<p class=\"feattext\">Neben den oben genannten Grundtabellen, gibt es im Bauhofprogramm noch eine Reihe weiterer Grunddaten, die im Programm verwendet werden:<\/p>\n<ul>\n<li>Kategorien &#8211; Zuordnung von Anlagen und Fahrzeugen\/Ger\u00e4ten. Nach diesen Kategorien kann sp\u00e4ter abgerechnet oder ausgewertet werden.<\/li>\n<li>Produktgruppen &#8211; Zusammenfassung verschiedener Produkte in Gruppen.<\/li>\n<li>Haushaltsstellen &#8211; Werden bei Auftr\u00e4gen zugeordnet<\/li>\n<li>Verbrauchsstoffe &#8211; Verf\u00fcgbare Verbrauchsstoffe, die verwaltet werden sollen<\/li>\n<li>Wartungsarten &#8211; Vorgaben f\u00fcr Wartungslisten<\/li>\n<li>Zulagenarten &#8211; Zulagen, die bei der Stundenzetteleingabe verwendet werden k\u00f6nnen<\/li>\n<li>Zuschlagsnummern &#8211; Schl\u00fcsselnummern f\u00fcr die tariflichen Zuschl\u00e4ge zur Weitergabe an Personalabrechnung<\/li>\n<li>Feiertage &#8211; werden f\u00fcr die Zuschlagsberechnung ben\u00f6tigt und k\u00f6nnen automatisiert eingerichtet werden<\/li>\n<li>Aktenzeichen &#8211; Benutzerdaten<\/li>\n<li>Allgemeine Grunddaten &#8211; Firmenadresse, Lohnstunde, Regelarbeitszeiten etc.<\/li>\n<li>Adresszuordnungen &#8211; Nach diesen Zuordnungen k\u00f6nnen Adressen gruppiert werden<\/li>\n<li>Postleitzahlen &#8211; pflegt sich bei der Eingabe von Adressen von selbst<\/li>\n<\/ul>\n<p><a name=\"auftrag\"><\/a><\/p>\n<h3 class=\"feat\">Auftragsverwaltung<\/h3>\n<figure id=\"attachment_34\" aria-describedby=\"caption-attachment-34\" style=\"width: 205px\" class=\"wp-caption alignnone\"><a href=\"https:\/\/www.a-beckhaus.de\/wp-content\/uploads\/2015\/04\/auftrag.gif\"><img loading=\"lazy\" decoding=\"async\" class=\" wp-image-34\" src=\"https:\/\/www.a-beckhaus.de\/wp-content\/uploads\/2015\/04\/auftrag-300x186.gif\" alt=\"Auftragsverwaltung\" width=\"205\" height=\"127\" srcset=\"https:\/\/www.a-beckhaus.de\/wp-content\/uploads\/2015\/04\/auftrag-300x186.gif 300w, https:\/\/www.a-beckhaus.de\/wp-content\/uploads\/2015\/04\/auftrag-100x62.gif 100w, https:\/\/www.a-beckhaus.de\/wp-content\/uploads\/2015\/04\/auftrag-150x93.gif 150w, https:\/\/www.a-beckhaus.de\/wp-content\/uploads\/2015\/04\/auftrag-200x124.gif 200w, https:\/\/www.a-beckhaus.de\/wp-content\/uploads\/2015\/04\/auftrag-450x279.gif 450w, https:\/\/www.a-beckhaus.de\/wp-content\/uploads\/2015\/04\/auftrag-600x373.gif 600w\" sizes=\"auto, (max-width: 205px) 100vw, 205px\" \/><\/a><figcaption id=\"caption-attachment-34\" class=\"wp-caption-text\">Auftragsverwaltung mit Bewegungsdaten<\/figcaption><\/figure>\n<p class=\"feattext\">Auftragserfassung mit Zuordnung zu Anlagen\/Objekten oder Fahrzeugen. Folgende Daten werden zu jedem Auftrag zugeordnet:<\/p>\n<ul>\n<li>Auftraggeber<\/li>\n<li>Anlage\/Objekt oder Fahrzeug (Kostenstelle)<\/li>\n<li>Haushaltsstelle<\/li>\n<li>Standardprodukt<\/li>\n<li>Dauer\/Einzelauftrag<\/li>\n<li>Abrechnungsmodus bei Dauerauftr\u00e4gen (j\u00e4hrlich, halbj\u00e4hrlich, viertelj\u00e4hrlich, monatlich)<\/li>\n<li>Auftragsbeginn\/Ende<\/li>\n<li>Beschreibung der T\u00e4tigkeit<\/li>\n<\/ul>\n<p class=\"feattext\">Dauerauftr\u00e4ge k\u00f6nnen in das Folgejahr \u00fcbernommen werden. Zu jedem Auftrag k\u00f6nnen umfangreiche Auswertungen durchgef\u00fchrt werden. <a name=\"aufab\"><\/a><\/p>\n<h3 class=\"feat\">Stundenzetteleingabe<\/h3>\n<figure id=\"attachment_33\" aria-describedby=\"caption-attachment-33\" style=\"width: 190px\" class=\"wp-caption alignnone\"><a href=\"https:\/\/www.a-beckhaus.de\/wp-content\/uploads\/2015\/04\/aufab.gif\"><img loading=\"lazy\" decoding=\"async\" class=\" wp-image-33\" src=\"https:\/\/www.a-beckhaus.de\/wp-content\/uploads\/2015\/04\/aufab-300x204.gif\" alt=\"Stundenzetteleingabe\" width=\"190\" height=\"129\" srcset=\"https:\/\/www.a-beckhaus.de\/wp-content\/uploads\/2015\/04\/aufab-300x204.gif 300w, https:\/\/www.a-beckhaus.de\/wp-content\/uploads\/2015\/04\/aufab-100x68.gif 100w, https:\/\/www.a-beckhaus.de\/wp-content\/uploads\/2015\/04\/aufab-150x102.gif 150w, https:\/\/www.a-beckhaus.de\/wp-content\/uploads\/2015\/04\/aufab-200x136.gif 200w, https:\/\/www.a-beckhaus.de\/wp-content\/uploads\/2015\/04\/aufab-450x306.gif 450w, https:\/\/www.a-beckhaus.de\/wp-content\/uploads\/2015\/04\/aufab-600x408.gif 600w, https:\/\/www.a-beckhaus.de\/wp-content\/uploads\/2015\/04\/aufab-900x612.gif 900w\" sizes=\"auto, (max-width: 190px) 100vw, 190px\" \/><\/a><figcaption id=\"caption-attachment-33\" class=\"wp-caption-text\">Stundenzetteleingabe<\/figcaption><\/figure>\n<p class=\"feattext\">Die f\u00fcr die Abrechnung der Auftr\u00e4ge, sowie die F\u00fchrung der Arbeitszeitzeiten notwendigen Daten werden durch die Eingabe von Stundenzetteln erfasst. Bei der Eingabe eines Stundenzettels ist neben der Auswahl eines\/einer Mitarbeiter\/in zwingend die Auswahl eines Auftrags und eines Produktes erforderlich. Durch die Eingabe der Stundenzettel errechnen sich automatisch die tariflichen Zuschl\u00e4ge, \u00dcberstunden sowie die Ist-Stunden des\/der Mitarbeiters\/in. Doppeleingaben sind nicht m\u00f6glich. Zus\u00e4tzlich lassen sich bestimmte Zulagen (Schmutzzulage etc.) erfassen. Falls im ausgew\u00e4hlten Produkt keine andere Verrechnungsart angegeben wurde, kann f\u00fcr diesen Stundenzettel ein alternativer Stundensatz erfasst werden. <a name=\"material\"><\/a><\/p>\n<h3 class=\"feat\">Materialeingabe<\/h3>\n<figure id=\"attachment_36\" aria-describedby=\"caption-attachment-36\" style=\"width: 177px\" class=\"wp-caption alignnone\"><a href=\"https:\/\/www.a-beckhaus.de\/wp-content\/uploads\/2015\/04\/material.gif\"><img loading=\"lazy\" decoding=\"async\" class=\" wp-image-36\" src=\"https:\/\/www.a-beckhaus.de\/wp-content\/uploads\/2015\/04\/material-300x154.gif\" alt=\"Materialverbrauch\" width=\"177\" height=\"91\" srcset=\"https:\/\/www.a-beckhaus.de\/wp-content\/uploads\/2015\/04\/material-300x154.gif 300w, https:\/\/www.a-beckhaus.de\/wp-content\/uploads\/2015\/04\/material-100x51.gif 100w, https:\/\/www.a-beckhaus.de\/wp-content\/uploads\/2015\/04\/material-150x77.gif 150w, https:\/\/www.a-beckhaus.de\/wp-content\/uploads\/2015\/04\/material-200x102.gif 200w, https:\/\/www.a-beckhaus.de\/wp-content\/uploads\/2015\/04\/material-450x230.gif 450w, https:\/\/www.a-beckhaus.de\/wp-content\/uploads\/2015\/04\/material-600x307.gif 600w, https:\/\/www.a-beckhaus.de\/wp-content\/uploads\/2015\/04\/material-900x461.gif 900w\" sizes=\"auto, (max-width: 177px) 100vw, 177px\" \/><\/a><figcaption id=\"caption-attachment-36\" class=\"wp-caption-text\">Materialverbrauch zu Auftr\u00e4gen<\/figcaption><\/figure>\n<p class=\"feattext\">Zu jedem Auftrag k\u00f6nnen beliebig viele Materialrechnungen eingegeben werden. Diese k\u00f6nnen sp\u00e4ter zusammen mit den Produktkosten und den Fahrzeugkosten f\u00fcr den Auftrag abgerechnet werden <a name=\"fahrnutz\"><\/a><\/p>\n<h3 class=\"feat\">Fahrzeugnutzung<\/h3>\n<figure id=\"attachment_35\" aria-describedby=\"caption-attachment-35\" style=\"width: 173px\" class=\"wp-caption alignnone\"><a href=\"https:\/\/www.a-beckhaus.de\/wp-content\/uploads\/2015\/04\/fahrnutz.gif\"><img loading=\"lazy\" decoding=\"async\" class=\" wp-image-35\" src=\"https:\/\/www.a-beckhaus.de\/wp-content\/uploads\/2015\/04\/fahrnutz-300x199.gif\" alt=\"Fahrzeugnutzung\" width=\"173\" height=\"115\" srcset=\"https:\/\/www.a-beckhaus.de\/wp-content\/uploads\/2015\/04\/fahrnutz-300x199.gif 300w, https:\/\/www.a-beckhaus.de\/wp-content\/uploads\/2015\/04\/fahrnutz-100x66.gif 100w, https:\/\/www.a-beckhaus.de\/wp-content\/uploads\/2015\/04\/fahrnutz-150x100.gif 150w, https:\/\/www.a-beckhaus.de\/wp-content\/uploads\/2015\/04\/fahrnutz-200x133.gif 200w, https:\/\/www.a-beckhaus.de\/wp-content\/uploads\/2015\/04\/fahrnutz-450x299.gif 450w, https:\/\/www.a-beckhaus.de\/wp-content\/uploads\/2015\/04\/fahrnutz-600x398.gif 600w\" sizes=\"auto, (max-width: 173px) 100vw, 173px\" \/><\/a><figcaption id=\"caption-attachment-35\" class=\"wp-caption-text\">Fahrzeugnutzung zu Auftr\u00e4gen<\/figcaption><\/figure>\n<p class=\"feattext\">Zu jedem Auftrag kann eine beliebige Anzahl von Fahrzeug- und Ger\u00e4tenutzung erfasst werden (wenn diese Kosten nicht in den Produkten mit einkalkuliert sind). Diese k\u00f6nnen sp\u00e4ter zusammen mit den Produktkosten und den Materialkosten f\u00fcr den Auftrag abgerechnet werden <a name=\"abrech\"><\/a><\/p>\n<h3 class=\"feat\">Auftragsabrechnung<\/h3>\n<p class=\"feattext\">Auftr\u00e4ge k\u00f6nnen im Bauhofprogramm abgerechnet werden. Dazu werden Rechnungen in Word (ab Version 7.0) erstellt. Abrechnungsgrundlage sind die eingegebenen Stundenzettel, die Materialkosten sowie die Kosten f\u00fcr Fahrzeugnutzung. Je nach Produktdefinition werden als Abrechnungsgrundlage Stunden, qm, lfd. Meter, St\u00fcck oder Pauschalen verwendet. Die Abrechnung kann auch als Sammelabrechnung erfolgen. Hierbei werden alle T\u00e4tigkeiten f\u00fcr einen bestimmten Zeitraum abgerechnet. Dabei k\u00f6nnen bestimmte Auftr\u00e4ge von der Abrechnung ausgeschlossen werden. Die Sammelabrechnung wird durch verschiedene Protokolle unterst\u00fctzt, wodurch die Kontrolle erleichtert wird. <a name=\"fahrzeugabrech\"><\/a><\/p>\n<h3 class=\"feat\">Fahrzeugkostenabrechnung<\/h3>\n<p class=\"feattext\">Falls vom Bauhof Fahrzeuge f\u00fcr die Verwaltung oder Externe gewartet und verwaltet werden, k\u00f6nnen f\u00fcr diese Kosten Rechnungen erstellt werden. Verbrauchskosten und Wartungskosten k\u00f6nnen unabh\u00e4ngig voneinander oder zusammen abgerechnet werden. Die Abrechnung kann f\u00fcr einzelne Fahrzeuge\/Ger\u00e4te oder f\u00fcr eine komplette Kategorie durchgef\u00fchrt werden.<\/p>\n<p><a name=\"auswertungen\"><\/a><\/p>\n<h3 class=\"feat\">Auswertungen\/Statistiken<\/h3>\n<p class=\"feattext\">Im Bauhofprogramm k\u00f6nnen die unterschiedlichsten Auswertungen berechnet werden. Exemplarisch hier einige Beispiele:<\/p>\n<ul>\n<li>Haushaltsstellenstatistik (Gesamtbetr\u00e4ge abgerechneter Werte)<\/li>\n<li>Anlagenstatistik (Kostenstellen)<\/li>\n<li>Produktstatistik (Kostentr\u00e4ger)<\/li>\n<li>Statistiken zu einzelnen Auftr\u00e4gen<\/li>\n<li>Fahrzeugkosten<\/li>\n<li>Fahrzeugabschreibungen<\/li>\n<li>Fehlzeitenstatistik<\/li>\n<li>Fehlzeitenkosten<\/li>\n<li>Zulagen\u00fcersicht<\/li>\n<li>Urlaubs-\u00dcberstundenkonten<\/li>\n<li>Urlaubs\/Abwesenheits\u00fcbersicht<\/li>\n<li>Haushalts\u00fcberwachung<\/li>\n<li>&#8230;<\/li>\n<\/ul>\n","protected":false},"excerpt":{"rendered":"<p>Das Bauhof-Programm ist nach dem Auftraggeber\/Auftragnehmerprinzip aufgebaut. Jede T\u00e4tigkeit, die von den Bauhofmitarbeiter\/innen ausgef\u00fchrt wird erfordert einen Auftrag. Auftr\u00e4ge werden mit Anlagen\/Objekten oder Fahrzeugen (Kostenstellen) verkn\u00fcpft, wodurch eine Berechnung aller angefallenen Kosten zu dieser Kostenstelle m\u00f6glich wird. Auftr\u00e4ge k\u00f6nnen mit dem Auftraggeber abgerechnet werden. Dabei dienen die Stundenzettel der Mitarbeiter\/innen als Abrechnungsgrundlage. Neben der Zuordnung&hellip;&nbsp;<a href=\"https:\/\/www.a-beckhaus.de\/?page_id=31\" rel=\"bookmark\"><span class=\"screen-reader-text\">Bauhofverwaltung<\/span><\/a><\/p>\n","protected":false},"author":1,"featured_media":0,"parent":74,"menu_order":210,"comment_status":"closed","ping_status":"closed","template":"","meta":{"neve_meta_sidebar":"","neve_meta_container":"","neve_meta_enable_content_width":"","neve_meta_content_width":0,"neve_meta_title_alignment":"","neve_meta_author_avatar":"","neve_post_elements_order":"","neve_meta_disable_header":"","neve_meta_disable_footer":"","neve_meta_disable_title":"","footnotes":""},"class_list":["post-31","page","type-page","status-publish","hentry"],"_links":{"self":[{"href":"https:\/\/www.a-beckhaus.de\/index.php?rest_route=\/wp\/v2\/pages\/31","targetHints":{"allow":["GET"]}}],"collection":[{"href":"https:\/\/www.a-beckhaus.de\/index.php?rest_route=\/wp\/v2\/pages"}],"about":[{"href":"https:\/\/www.a-beckhaus.de\/index.php?rest_route=\/wp\/v2\/types\/page"}],"author":[{"embeddable":true,"href":"https:\/\/www.a-beckhaus.de\/index.php?rest_route=\/wp\/v2\/users\/1"}],"replies":[{"embeddable":true,"href":"https:\/\/www.a-beckhaus.de\/index.php?rest_route=%2Fwp%2Fv2%2Fcomments&post=31"}],"version-history":[{"count":6,"href":"https:\/\/www.a-beckhaus.de\/index.php?rest_route=\/wp\/v2\/pages\/31\/revisions"}],"predecessor-version":[{"id":49,"href":"https:\/\/www.a-beckhaus.de\/index.php?rest_route=\/wp\/v2\/pages\/31\/revisions\/49"}],"up":[{"embeddable":true,"href":"https:\/\/www.a-beckhaus.de\/index.php?rest_route=\/wp\/v2\/pages\/74"}],"wp:attachment":[{"href":"https:\/\/www.a-beckhaus.de\/index.php?rest_route=%2Fwp%2Fv2%2Fmedia&parent=31"}],"curies":[{"name":"wp","href":"https:\/\/api.w.org\/{rel}","templated":true}]}}