{"id":8,"date":"2015-04-17T08:05:55","date_gmt":"2015-04-17T06:05:55","guid":{"rendered":"http:\/\/www.a-beckhaus.de\/?page_id=8"},"modified":"2024-12-18T10:05:40","modified_gmt":"2024-12-18T09:05:40","slug":"softwareentwicklung","status":"publish","type":"page","link":"https:\/\/www.a-beckhaus.de\/","title":{"rendered":"Softwareentwicklung"},"content":{"rendered":"<p><a href=\"https:\/\/www.a-beckhaus.de\/wp-content\/uploads\/2015\/04\/keyboard-85392_1280.jpg\"><img loading=\"lazy\" decoding=\"async\" class=\" alignright wp-image-60\" src=\"https:\/\/www.a-beckhaus.de\/wp-content\/uploads\/2015\/04\/keyboard-85392_1280-300x203.jpg\" alt=\"keyboard-85392_1280\" width=\"220\" height=\"149\" srcset=\"https:\/\/www.a-beckhaus.de\/wp-content\/uploads\/2015\/04\/keyboard-85392_1280-300x203.jpg 300w, https:\/\/www.a-beckhaus.de\/wp-content\/uploads\/2015\/04\/keyboard-85392_1280-1024x692.jpg 1024w, https:\/\/www.a-beckhaus.de\/wp-content\/uploads\/2015\/04\/keyboard-85392_1280-100x68.jpg 100w, https:\/\/www.a-beckhaus.de\/wp-content\/uploads\/2015\/04\/keyboard-85392_1280-150x101.jpg 150w, https:\/\/www.a-beckhaus.de\/wp-content\/uploads\/2015\/04\/keyboard-85392_1280-200x135.jpg 200w, https:\/\/www.a-beckhaus.de\/wp-content\/uploads\/2015\/04\/keyboard-85392_1280-450x304.jpg 450w, https:\/\/www.a-beckhaus.de\/wp-content\/uploads\/2015\/04\/keyboard-85392_1280-600x405.jpg 600w, https:\/\/www.a-beckhaus.de\/wp-content\/uploads\/2015\/04\/keyboard-85392_1280-900x608.jpg 900w, https:\/\/www.a-beckhaus.de\/wp-content\/uploads\/2015\/04\/keyboard-85392_1280.jpg 1280w\" sizes=\"auto, (max-width: 220px) 100vw, 220px\" \/><\/a>Hauptbet\u00e4tigungsfeld ist die Entwicklung von Individualsoftware mit dem Schwerpunkt auf Datenbankgest\u00fctze Software.<\/p>\n<p>Hierbei bieten wir<\/p>\n<p>&#8211; Unterst\u00fctzung bei der Analyse und Beratung im Vorfeld der Entwicklung.<br \/>\n&#8211; Software wird individuell nach Kundenwunsch entwickelt.<br \/>\n&#8211; Zeitnahe Anpassung und Programmierung neuer Module.<br \/>\n&#8211; Support direkt vom Entwickler!<\/p>\n<p><strong>+++NEU+++ dBase-Klasse zum Erstellen und Lesen von XRechnung und ZUGFeRD Rechnung <a href=\"https:\/\/www.a-beckhaus.de\/?page_id=149\">Details hier<\/a><\/strong><\/p>\n<p>Wenn Sie Ihre Aufgaben nicht mit Standardsoftware abbilden k\u00f6nnen oder wollen, sind Sie bei uns genau richtig!<\/p>\n<p>Kommen Sie mit Ihren W\u00fcnschen auf uns zu. Wir werden garantiert die passende L\u00f6sung finden.<\/p>\n","protected":false},"excerpt":{"rendered":"<p>Hauptbet\u00e4tigungsfeld ist die Entwicklung von Individualsoftware mit dem Schwerpunkt auf Datenbankgest\u00fctze Software. Hierbei bieten wir &#8211; Unterst\u00fctzung bei der Analyse und Beratung im Vorfeld der Entwicklung. &#8211; Software wird individuell nach Kundenwunsch entwickelt. &#8211; Zeitnahe Anpassung und Programmierung neuer Module. &#8211; Support direkt vom Entwickler! +++NEU+++ dBase-Klasse zum Erstellen und Lesen von XRechnung und ZUGFeRD&hellip;&nbsp;<a href=\"https:\/\/www.a-beckhaus.de\/\" rel=\"bookmark\"><span class=\"screen-reader-text\">Softwareentwicklung<\/span><\/a><\/p>\n","protected":false},"author":1,"featured_media":0,"parent":0,"menu_order":100,"comment_status":"closed","ping_status":"closed","template":"","meta":{"neve_meta_sidebar":"","neve_meta_container":"","neve_meta_enable_content_width":"off","neve_meta_content_width":100,"neve_meta_title_alignment":"","neve_meta_author_avatar":"","neve_post_elements_order":"","neve_meta_disable_header":"","neve_meta_disable_footer":"","neve_meta_disable_title":"","footnotes":""},"class_list":["post-8","page","type-page","status-publish","hentry"],"_links":{"self":[{"href":"https:\/\/www.a-beckhaus.de\/index.php?rest_route=\/wp\/v2\/pages\/8","targetHints":{"allow":["GET"]}}],"collection":[{"href":"https:\/\/www.a-beckhaus.de\/index.php?rest_route=\/wp\/v2\/pages"}],"about":[{"href":"https:\/\/www.a-beckhaus.de\/index.php?rest_route=\/wp\/v2\/types\/page"}],"author":[{"embeddable":true,"href":"https:\/\/www.a-beckhaus.de\/index.php?rest_route=\/wp\/v2\/users\/1"}],"replies":[{"embeddable":true,"href":"https:\/\/www.a-beckhaus.de\/index.php?rest_route=%2Fwp%2Fv2%2Fcomments&post=8"}],"version-history":[{"count":13,"href":"https:\/\/www.a-beckhaus.de\/index.php?rest_route=\/wp\/v2\/pages\/8\/revisions"}],"predecessor-version":[{"id":154,"href":"https:\/\/www.a-beckhaus.de\/index.php?rest_route=\/wp\/v2\/pages\/8\/revisions\/154"}],"wp:attachment":[{"href":"https:\/\/www.a-beckhaus.de\/index.php?rest_route=%2Fwp%2Fv2%2Fmedia&parent=8"}],"curies":[{"name":"wp","href":"https:\/\/api.w.org\/{rel}","templated":true}]}}