{"id":98,"date":"2015-04-17T12:08:57","date_gmt":"2015-04-17T10:08:57","guid":{"rendered":"http:\/\/www.a-beckhaus.de\/?page_id=98"},"modified":"2019-04-09T15:07:36","modified_gmt":"2019-04-09T13:07:36","slug":"referenzen","status":"publish","type":"page","link":"https:\/\/www.a-beckhaus.de\/?page_id=98","title":{"rendered":"Referenzen"},"content":{"rendered":"<p><a href=\"https:\/\/www.a-beckhaus.de\/wp-content\/uploads\/2015\/04\/social-media-550767_1280.png\"><img loading=\"lazy\" decoding=\"async\" class=\"  wp-image-105 alignright\" src=\"https:\/\/www.a-beckhaus.de\/wp-content\/uploads\/2015\/04\/social-media-550767_1280-300x300.png\" alt=\"social-media-550767_1280\" width=\"229\" height=\"229\" srcset=\"https:\/\/www.a-beckhaus.de\/wp-content\/uploads\/2015\/04\/social-media-550767_1280-300x300.png 300w, https:\/\/www.a-beckhaus.de\/wp-content\/uploads\/2015\/04\/social-media-550767_1280-150x150.png 150w, https:\/\/www.a-beckhaus.de\/wp-content\/uploads\/2015\/04\/social-media-550767_1280-1024x1024.png 1024w, https:\/\/www.a-beckhaus.de\/wp-content\/uploads\/2015\/04\/social-media-550767_1280-100x100.png 100w, https:\/\/www.a-beckhaus.de\/wp-content\/uploads\/2015\/04\/social-media-550767_1280-200x200.png 200w, https:\/\/www.a-beckhaus.de\/wp-content\/uploads\/2015\/04\/social-media-550767_1280-450x450.png 450w, https:\/\/www.a-beckhaus.de\/wp-content\/uploads\/2015\/04\/social-media-550767_1280-600x600.png 600w, https:\/\/www.a-beckhaus.de\/wp-content\/uploads\/2015\/04\/social-media-550767_1280-900x900.png 900w, https:\/\/www.a-beckhaus.de\/wp-content\/uploads\/2015\/04\/social-media-550767_1280.png 1280w\" sizes=\"auto, (max-width: 229px) 100vw, 229px\" \/><\/a>Im folgenden finden Sie eine kleine Auswahl von laufenden Projekten<\/p>\n<ul>\n<li>Hansa Touristik, Stuttgart (Seereisen)<\/li>\n<li>Bauhof der Stadt Fl\u00f6rsheim am Main (Bauhofverwaltung)<\/li>\n<li>Werbedienst Kr\u00fcger, T\u00fcbingen (Verwaltung, Abrechnung und Organisation Prospektverteilung)<\/li>\n<li>Autojacob GmbH, Autohaus, R\u00fcsselsheim (Provisionsabrechnung)<\/li>\n<li>IFB, Ingenieurb\u00fcro f\u00fcr Beschallungswesen, Bischofsheim (Projektabwicklung)<\/li>\n<\/ul>\n","protected":false},"excerpt":{"rendered":"<p>Im folgenden finden Sie eine kleine Auswahl von laufenden Projekten Hansa Touristik, Stuttgart (Seereisen) Bauhof der Stadt Fl\u00f6rsheim am Main (Bauhofverwaltung) Werbedienst Kr\u00fcger, T\u00fcbingen (Verwaltung, Abrechnung und Organisation Prospektverteilung) Autojacob GmbH, Autohaus, R\u00fcsselsheim (Provisionsabrechnung) IFB, Ingenieurb\u00fcro f\u00fcr Beschallungswesen, Bischofsheim (Projektabwicklung)<\/p>\n","protected":false},"author":1,"featured_media":0,"parent":0,"menu_order":800,"comment_status":"closed","ping_status":"closed","template":"","meta":{"neve_meta_sidebar":"","neve_meta_container":"","neve_meta_enable_content_width":"","neve_meta_content_width":0,"neve_meta_title_alignment":"","neve_meta_author_avatar":"","neve_post_elements_order":"","neve_meta_disable_header":"","neve_meta_disable_footer":"","neve_meta_disable_title":"","footnotes":""},"class_list":["post-98","page","type-page","status-publish","hentry"],"_links":{"self":[{"href":"https:\/\/www.a-beckhaus.de\/index.php?rest_route=\/wp\/v2\/pages\/98","targetHints":{"allow":["GET"]}}],"collection":[{"href":"https:\/\/www.a-beckhaus.de\/index.php?rest_route=\/wp\/v2\/pages"}],"about":[{"href":"https:\/\/www.a-beckhaus.de\/index.php?rest_route=\/wp\/v2\/types\/page"}],"author":[{"embeddable":true,"href":"https:\/\/www.a-beckhaus.de\/index.php?rest_route=\/wp\/v2\/users\/1"}],"replies":[{"embeddable":true,"href":"https:\/\/www.a-beckhaus.de\/index.php?rest_route=%2Fwp%2Fv2%2Fcomments&post=98"}],"version-history":[{"count":3,"href":"https:\/\/www.a-beckhaus.de\/index.php?rest_route=\/wp\/v2\/pages\/98\/revisions"}],"predecessor-version":[{"id":124,"href":"https:\/\/www.a-beckhaus.de\/index.php?rest_route=\/wp\/v2\/pages\/98\/revisions\/124"}],"wp:attachment":[{"href":"https:\/\/www.a-beckhaus.de\/index.php?rest_route=%2Fwp%2Fv2%2Fmedia&parent=98"}],"curies":[{"name":"wp","href":"https:\/\/api.w.org\/{rel}","templated":true}]}}